{"id":5774,"date":"2024-05-01T16:01:33","date_gmt":"2024-05-01T21:01:33","guid":{"rendered":"https:\/\/expatsmags.com\/?page_id=5774"},"modified":"2024-05-22T12:58:22","modified_gmt":"2024-05-22T17:58:22","slug":"advertise-with-us-anuncia-con-nosotros","status":"publish","type":"page","link":"https:\/\/expatsmags.com\/index.php\/advertise-with-us-anuncia-con-nosotros\/","title":{"rendered":"Advertise with Us"},"content":{"rendered":"\t\t<div data-elementor-type=\"wp-page\" data-elementor-id=\"5774\" class=\"elementor elementor-5774\">\n\t\t\t\t<div class=\"elementor-element elementor-element-5e760e3 e-flex e-con-boxed e-con e-parent\" data-id=\"5e760e3\" data-element_type=\"container\" data-settings=\"{&quot;content_width&quot;:&quot;boxed&quot;}\" data-core-v316-plus=\"true\">\n\t\t\t\t\t<div class=\"e-con-inner\">\n\t\t\t\t<div class=\"elementor-element elementor-element-fb9b688 elementor-widget elementor-widget-heading\" data-id=\"fb9b688\" data-element_type=\"widget\" data-widget_type=\"heading.default\">\n\t\t\t\t<div class=\"elementor-widget-container\">\n\t\t\t<style>\/*! elementor - v3.19.0 - 29-01-2024 *\/\n.elementor-heading-title{padding:0;margin:0;line-height:1}.elementor-widget-heading .elementor-heading-title[class*=elementor-size-]>a{color:inherit;font-size:inherit;line-height:inherit}.elementor-widget-heading .elementor-heading-title.elementor-size-small{font-size:15px}.elementor-widget-heading .elementor-heading-title.elementor-size-medium{font-size:19px}.elementor-widget-heading .elementor-heading-title.elementor-size-large{font-size:29px}.elementor-widget-heading .elementor-heading-title.elementor-size-xl{font-size:39px}.elementor-widget-heading .elementor-heading-title.elementor-size-xxl{font-size:59px}<\/style><h4 class=\"elementor-heading-title elementor-size-default\">\u00a1Aprovecha la Oportunidad \u00danica de Llegar a la Comunidad de Expatriados en Cuenca!<\/h4>\t\t<\/div>\n\t\t\t\t<\/div>\n\t\t\t\t\t<\/div>\n\t\t\t\t<\/div>\n\t\t<div class=\"elementor-element elementor-element-c975fa4 e-flex e-con-boxed e-con e-parent\" data-id=\"c975fa4\" data-element_type=\"container\" data-settings=\"{&quot;content_width&quot;:&quot;boxed&quot;}\" data-core-v316-plus=\"true\">\n\t\t\t\t\t<div class=\"e-con-inner\">\n\t\t<div class=\"elementor-element elementor-element-3c15d09 e-con-full e-flex e-con e-child\" data-id=\"3c15d09\" data-element_type=\"container\" data-settings=\"{&quot;content_width&quot;:&quot;full&quot;}\">\n\t\t\t\t<div class=\"elementor-element elementor-element-5cfaac0 elementor-widget elementor-widget-text-editor\" data-id=\"5cfaac0\" data-element_type=\"widget\" data-widget_type=\"text-editor.default\">\n\t\t\t\t<div class=\"elementor-widget-container\">\n\t\t\t<style>\/*! elementor - v3.19.0 - 29-01-2024 *\/\n.elementor-widget-text-editor.elementor-drop-cap-view-stacked .elementor-drop-cap{background-color:#69727d;color:#fff}.elementor-widget-text-editor.elementor-drop-cap-view-framed .elementor-drop-cap{color:#69727d;border:3px solid;background-color:transparent}.elementor-widget-text-editor:not(.elementor-drop-cap-view-default) .elementor-drop-cap{margin-top:8px}.elementor-widget-text-editor:not(.elementor-drop-cap-view-default) .elementor-drop-cap-letter{width:1em;height:1em}.elementor-widget-text-editor .elementor-drop-cap{float:left;text-align:center;line-height:1;font-size:50px}.elementor-widget-text-editor .elementor-drop-cap-letter{display:inline-block}<\/style>\t\t\t\t<p>\u00bfEst\u00e1s buscando expandir tu negocio y llegar a un mercado altamente rentable pero desafiante? La comunidad de expatriados de habla inglesa en Cuenca representa un nicho exclusivo con un ingreso promedio de $3,000 mensuales. \u00a1Y nosotros tenemos la llave para conectar tu negocio con estos clientes potenciales!<\/p><p>Nuestra revista es el principal medio de comunicaci\u00f3n para m\u00e1s de 10,000 expatriados aqu\u00ed en Cuenca. Al publicar con nosotros, tendr\u00e1s la oportunidad de destacar tus productos y servicios frente a una audiencia que busca activamente soluciones adaptadas a sus necesidades.<\/p>\t\t\t\t\t\t<\/div>\n\t\t\t\t<\/div>\n\t\t\t\t<\/div>\n\t\t<div class=\"elementor-element elementor-element-cc435a4 e-con-full e-flex e-con e-child\" data-id=\"cc435a4\" data-element_type=\"container\" data-settings=\"{&quot;content_width&quot;:&quot;full&quot;}\">\n\t\t\t\t<div class=\"elementor-element elementor-element-7d1c763 elementor-widget elementor-widget-text-editor\" data-id=\"7d1c763\" data-element_type=\"widget\" data-widget_type=\"text-editor.default\">\n\t\t\t\t<div class=\"elementor-widget-container\">\n\t\t\t\t\t\t\t<p><strong>Beneficios de Anunciarte con Nosotros<\/strong>:<\/p><ul><li>Alcance Directo: Llega a miles de expatriados que conf\u00edan en nuestra revista para informarse y tomar decisiones de compra.<\/li><li>Impacto Efectivo: Aumenta la visibilidad de tu negocio entre un p\u00fablico de alto poder adquisitivo.<\/li><li>Resultados Medibles: Observa c\u00f3mo crece tu alcance y tu base de clientes entre esta comunidad exclusiva.<\/li><\/ul><p>No dejes pasar esta oportunidad \u00fanica de crecimiento.<\/p>\t\t\t\t\t\t<\/div>\n\t\t\t\t<\/div>\n\t\t\t\t<\/div>\n\t\t\t\t\t<\/div>\n\t\t\t\t<\/div>\n\t\t<div class=\"elementor-element elementor-element-45f3dbf e-flex e-con-boxed e-con e-parent\" data-id=\"45f3dbf\" data-element_type=\"container\" data-settings=\"{&quot;content_width&quot;:&quot;boxed&quot;}\" data-core-v316-plus=\"true\">\n\t\t\t\t\t<div class=\"e-con-inner\">\n\t\t\t\t<div class=\"elementor-element elementor-element-6f481ff elementor-widget elementor-widget-text-editor\" data-id=\"6f481ff\" data-element_type=\"widget\" data-widget_type=\"text-editor.default\">\n\t\t\t\t<div class=\"elementor-widget-container\">\n\t\t\t\t\t\t\t<p>Cont\u00e1ctanos hoy mismo para conocer nuestras opciones de publicidad y descubre c\u00f3mo podemos ayudarte a maximizar tu presencia en el mercado de expatriados en Cuenca.<\/p><p>Email: <a href=\"mailto:joel.sanchez@expatsmags.com\">joel.sanchez@expatsmags.com \/\u00a0<\/a><br \/><a href=\"mailto:yenis@expatsmags.com\">yenis@expatsmags.com<\/a><\/p><p>Por Whatsapp al <a href=\"https:\/\/wa.me\/593999214105\">099 0214105<\/a><\/p>\t\t\t\t\t\t<\/div>\n\t\t\t\t<\/div>\n\t\t\t\t\t<\/div>\n\t\t\t\t<\/div>\n\t\t<div class=\"elementor-element elementor-element-611bafd e-flex e-con-boxed e-con e-parent\" data-id=\"611bafd\" data-element_type=\"container\" data-settings=\"{&quot;content_width&quot;:&quot;boxed&quot;}\" data-core-v316-plus=\"true\">\n\t\t\t\t\t<div class=\"e-con-inner\">\n\t\t\t\t<div class=\"elementor-element elementor-element-48e13fc elementor-widget elementor-widget-shortcode\" data-id=\"48e13fc\" data-element_type=\"widget\" data-widget_type=\"shortcode.default\">\n\t\t\t\t<div class=\"elementor-widget-container\">\n\t\t\t\t\t<div class=\"elementor-shortcode\"><\/div>\n\t\t\t\t<\/div>\n\t\t\t\t<\/div>\n\t\t\t\t\t<\/div>\n\t\t\t\t<\/div>\n\t\t\t\t<\/div>\n\t\t","protected":false},"excerpt":{"rendered":"<p>\u00a1Aprovecha la Oportunidad \u00danica de Llegar a la Comunidad de Expatriados en Cuenca! \u00bfEst\u00e1s buscando expandir tu negocio y llegar a un mercado altamente rentable pero desafiante? La comunidad de expatriados de habla inglesa en Cuenca representa un nicho exclusivo con un ingreso promedio de $3,000 mensuales. \u00a1Y nosotros tenemos la llave para conectar tu [&hellip;]<\/p>\n","protected":false},"author":2,"featured_media":5778,"parent":0,"menu_order":0,"comment_status":"closed","ping_status":"closed","template":"","meta":{"_acf_changed":false,"_monsterinsights_skip_tracking":false,"_monsterinsights_sitenote_active":false,"_monsterinsights_sitenote_note":"","_monsterinsights_sitenote_category":0,"footnotes":""},"tags":[],"acf":[],"aioseo_notices":[],"_links":{"self":[{"href":"https:\/\/expatsmags.com\/index.php\/wp-json\/wp\/v2\/pages\/5774"}],"collection":[{"href":"https:\/\/expatsmags.com\/index.php\/wp-json\/wp\/v2\/pages"}],"about":[{"href":"https:\/\/expatsmags.com\/index.php\/wp-json\/wp\/v2\/types\/page"}],"author":[{"embeddable":true,"href":"https:\/\/expatsmags.com\/index.php\/wp-json\/wp\/v2\/users\/2"}],"replies":[{"embeddable":true,"href":"https:\/\/expatsmags.com\/index.php\/wp-json\/wp\/v2\/comments?post=5774"}],"version-history":[{"count":12,"href":"https:\/\/expatsmags.com\/index.php\/wp-json\/wp\/v2\/pages\/5774\/revisions"}],"predecessor-version":[{"id":6054,"href":"https:\/\/expatsmags.com\/index.php\/wp-json\/wp\/v2\/pages\/5774\/revisions\/6054"}],"wp:featuredmedia":[{"embeddable":true,"href":"https:\/\/expatsmags.com\/index.php\/wp-json\/wp\/v2\/media\/5778"}],"wp:attachment":[{"href":"https:\/\/expatsmags.com\/index.php\/wp-json\/wp\/v2\/media?parent=5774"}],"wp:term":[{"taxonomy":"post_tag","embeddable":true,"href":"https:\/\/expatsmags.com\/index.php\/wp-json\/wp\/v2\/tags?post=5774"}],"curies":[{"name":"wp","href":"https:\/\/api.w.org\/{rel}","templated":true}]}}