{"id":4099,"date":"2024-04-04T12:22:13","date_gmt":"2024-04-04T17:22:13","guid":{"rendered":"https:\/\/expatsmags.com\/?page_id=4099"},"modified":"2024-04-04T12:39:57","modified_gmt":"2024-04-04T17:39:57","slug":"marian-rios","status":"publish","type":"page","link":"https:\/\/expatsmags.com\/index.php\/marian-rios\/","title":{"rendered":"Marian Rios"},"content":{"rendered":"\t\t<div data-elementor-type=\"wp-page\" data-elementor-id=\"4099\" class=\"elementor elementor-4099\">\n\t\t\t\t<div class=\"elementor-element elementor-element-b75dc93 e-flex e-con-boxed e-con e-parent\" data-id=\"b75dc93\" data-element_type=\"container\" data-settings=\"{&quot;content_width&quot;:&quot;boxed&quot;}\" data-core-v316-plus=\"true\">\n\t\t\t\t\t<div class=\"e-con-inner\">\n\t\t<div class=\"elementor-element elementor-element-2aa1cc1 e-con-full e-flex e-con e-child\" data-id=\"2aa1cc1\" data-element_type=\"container\" data-settings=\"{&quot;content_width&quot;:&quot;full&quot;}\">\n\t\t\t\t<div class=\"elementor-element elementor-element-ffdd951 elementor-widget elementor-widget-heading\" data-id=\"ffdd951\" data-element_type=\"widget\" data-widget_type=\"heading.default\">\n\t\t\t\t<div class=\"elementor-widget-container\">\n\t\t\t<style>\/*! elementor - v3.19.0 - 29-01-2024 *\/\n.elementor-heading-title{padding:0;margin:0;line-height:1}.elementor-widget-heading .elementor-heading-title[class*=elementor-size-]>a{color:inherit;font-size:inherit;line-height:inherit}.elementor-widget-heading .elementor-heading-title.elementor-size-small{font-size:15px}.elementor-widget-heading .elementor-heading-title.elementor-size-medium{font-size:19px}.elementor-widget-heading .elementor-heading-title.elementor-size-large{font-size:29px}.elementor-widget-heading .elementor-heading-title.elementor-size-xl{font-size:39px}.elementor-widget-heading .elementor-heading-title.elementor-size-xxl{font-size:59px}<\/style><h2 class=\"elementor-heading-title elementor-size-default\">Marian Rios<\/h2>\t\t<\/div>\n\t\t\t\t<\/div>\n\t\t\t\t<div class=\"elementor-element elementor-element-cba9ff0 elementor-widget elementor-widget-text-editor\" data-id=\"cba9ff0\" data-element_type=\"widget\" data-widget_type=\"text-editor.default\">\n\t\t\t\t<div class=\"elementor-widget-container\">\n\t\t\t<style>\/*! elementor - v3.19.0 - 29-01-2024 *\/\n.elementor-widget-text-editor.elementor-drop-cap-view-stacked .elementor-drop-cap{background-color:#69727d;color:#fff}.elementor-widget-text-editor.elementor-drop-cap-view-framed .elementor-drop-cap{color:#69727d;border:3px solid;background-color:transparent}.elementor-widget-text-editor:not(.elementor-drop-cap-view-default) .elementor-drop-cap{margin-top:8px}.elementor-widget-text-editor:not(.elementor-drop-cap-view-default) .elementor-drop-cap-letter{width:1em;height:1em}.elementor-widget-text-editor .elementor-drop-cap{float:left;text-align:center;line-height:1;font-size:50px}.elementor-widget-text-editor .elementor-drop-cap-letter{display:inline-block}<\/style>\t\t\t\t<table width=\"270\"><tbody><tr><td width=\"270\">Administration<\/td><\/tr><\/tbody><\/table>\t\t\t\t\t\t<\/div>\n\t\t\t\t<\/div>\n\t\t\t\t<div class=\"elementor-element elementor-element-50fbac9 elementor-widget elementor-widget-text-editor\" data-id=\"50fbac9\" data-element_type=\"widget\" data-widget_type=\"text-editor.default\">\n\t\t\t\t<div class=\"elementor-widget-container\">\n\t\t\t\t\t\t\t<p>Yenis Bejas, a native of Aragua, Venezuela, embodies a diverse range of talents and passions that have shaped her impressive professional journey. Her academic pursuits began at the Centro Latinoamericano de Comercio, where she earned a degree in Business Administration and Management. Shortly after, she attained the title of Comprehensive Educator from the Universidad Pedag\u00f3gica Experimental Libertador.<\/p><p>Continuing her academic endeavors, Yenis pursued further qualifications, including a Master&#8217;s degree in Behavior Guidance, a Diploma in Virtual Education, and expertise in E-commerce, Marketing, and General Management. Her commitment to lifelong learning and academic excellence is evident in her diverse skill set and qualifications.<\/p><p>In her professional career, Yenis has held key roles in Marketing and Sales Management at prominent companies such as Laboratorios Chemycal&#8217;s Soma in M\u00e9rida, Venezuela, Conetecliman C\u00eda. Ltda., and Rocha Ingenier\u00eda in Cuenca, Ecuador. She has also served as an Auditor of Good Manufacturing Practices and as a Methodological Advisor for Professional Practices in Social Sciences, Administration, Accounting, and Engineering.<\/p><p>Currently serving as the Director of Marketing at the prestigious Cuenca Expats Magazine, Ecuador&#8217;s leading English-language publication, Yenis demonstrates a profound passion for marketing and advertising. She is captivated by the beauty and diversity of Cuenca, Ecuador, and is deeply interested in the ways people connect within this vibrant community.<\/p><p>Moreover, Yenis&#8217;s dedication to promoting human well-being extends beyond her professional endeavors. She holds a Master&#8217;s degree in Holistic Psychology, reflecting her commitment to fostering holistic wellness and personal growth. This unique blend of professional expertise and personal vocation underscores Yenis&#8217;s unwavering dedication to making a positive impact on individuals and communities alike.<\/p>\t\t\t\t\t\t<\/div>\n\t\t\t\t<\/div>\n\t\t\t\t<\/div>\n\t\t<div class=\"elementor-element elementor-element-0aa71da e-con-full e-flex e-con e-child\" data-id=\"0aa71da\" data-element_type=\"container\" data-settings=\"{&quot;content_width&quot;:&quot;full&quot;}\">\n\t\t\t\t<div class=\"elementor-element elementor-element-690eaf4 elementor-widget elementor-widget-spacer\" data-id=\"690eaf4\" data-element_type=\"widget\" data-widget_type=\"spacer.default\">\n\t\t\t\t<div class=\"elementor-widget-container\">\n\t\t\t<style>\/*! elementor - v3.19.0 - 29-01-2024 *\/\n.elementor-column .elementor-spacer-inner{height:var(--spacer-size)}.e-con{--container-widget-width:100%}.e-con-inner>.elementor-widget-spacer,.e-con>.elementor-widget-spacer{width:var(--container-widget-width,var(--spacer-size));--align-self:var(--container-widget-align-self,initial);--flex-shrink:0}.e-con-inner>.elementor-widget-spacer>.elementor-widget-container,.e-con>.elementor-widget-spacer>.elementor-widget-container{height:100%;width:100%}.e-con-inner>.elementor-widget-spacer>.elementor-widget-container>.elementor-spacer,.e-con>.elementor-widget-spacer>.elementor-widget-container>.elementor-spacer{height:100%}.e-con-inner>.elementor-widget-spacer>.elementor-widget-container>.elementor-spacer>.elementor-spacer-inner,.e-con>.elementor-widget-spacer>.elementor-widget-container>.elementor-spacer>.elementor-spacer-inner{height:var(--container-widget-height,var(--spacer-size))}.e-con-inner>.elementor-widget-spacer.elementor-widget-empty,.e-con>.elementor-widget-spacer.elementor-widget-empty{position:relative;min-height:22px;min-width:22px}.e-con-inner>.elementor-widget-spacer.elementor-widget-empty .elementor-widget-empty-icon,.e-con>.elementor-widget-spacer.elementor-widget-empty .elementor-widget-empty-icon{position:absolute;top:0;bottom:0;left:0;right:0;margin:auto;padding:0;width:22px;height:22px}<\/style>\t\t<div class=\"elementor-spacer\">\n\t\t\t<div class=\"elementor-spacer-inner\"><\/div>\n\t\t<\/div>\n\t\t\t\t<\/div>\n\t\t\t\t<\/div>\n\t\t\t\t<div class=\"elementor-element elementor-element-9a2f6f2 elementor-widget elementor-widget-image\" data-id=\"9a2f6f2\" data-element_type=\"widget\" data-widget_type=\"image.default\">\n\t\t\t\t<div class=\"elementor-widget-container\">\n\t\t\t<style>\/*! elementor - v3.19.0 - 29-01-2024 *\/\n.elementor-widget-image{text-align:center}.elementor-widget-image a{display:inline-block}.elementor-widget-image a img[src$=\".svg\"]{width:48px}.elementor-widget-image img{vertical-align:middle;display:inline-block}<\/style>\t\t\t\t\t\t\t\t\t\t<img fetchpriority=\"high\" decoding=\"async\" width=\"300\" height=\"400\" src=\"https:\/\/expatsmags.com\/wp-content\/uploads\/2024\/04\/Yenis-Bejas.png\" class=\"attachment-large size-large wp-image-4086\" alt=\"\" srcset=\"https:\/\/expatsmags.com\/wp-content\/uploads\/2024\/04\/Yenis-Bejas.png 300w, https:\/\/expatsmags.com\/wp-content\/uploads\/2024\/04\/Yenis-Bejas-225x300.png 225w\" sizes=\"(max-width: 300px) 100vw, 300px\" \/>\t\t\t\t\t\t\t\t\t\t\t\t\t<\/div>\n\t\t\t\t<\/div>\n\t\t\t\t<\/div>\n\t\t\t\t\t<\/div>\n\t\t\t\t<\/div>\n\t\t\t\t<\/div>\n\t\t","protected":false},"excerpt":{"rendered":"<p>Marian Rios Administration Yenis Bejas, a native of Aragua, Venezuela, embodies a diverse range of talents and passions that have shaped her impressive professional journey. Her academic pursuits began at the Centro Latinoamericano de Comercio, where she earned a degree in Business Administration and Management. Shortly after, she attained the title of Comprehensive Educator from [&hellip;]<\/p>\n","protected":false},"author":2,"featured_media":0,"parent":0,"menu_order":0,"comment_status":"closed","ping_status":"closed","template":"","meta":{"_acf_changed":false,"_monsterinsights_skip_tracking":false,"_monsterinsights_sitenote_active":false,"_monsterinsights_sitenote_note":"","_monsterinsights_sitenote_category":0,"footnotes":""},"tags":[],"acf":[],"aioseo_notices":[],"_links":{"self":[{"href":"https:\/\/expatsmags.com\/index.php\/wp-json\/wp\/v2\/pages\/4099"}],"collection":[{"href":"https:\/\/expatsmags.com\/index.php\/wp-json\/wp\/v2\/pages"}],"about":[{"href":"https:\/\/expatsmags.com\/index.php\/wp-json\/wp\/v2\/types\/page"}],"author":[{"embeddable":true,"href":"https:\/\/expatsmags.com\/index.php\/wp-json\/wp\/v2\/users\/2"}],"replies":[{"embeddable":true,"href":"https:\/\/expatsmags.com\/index.php\/wp-json\/wp\/v2\/comments?post=4099"}],"version-history":[{"count":7,"href":"https:\/\/expatsmags.com\/index.php\/wp-json\/wp\/v2\/pages\/4099\/revisions"}],"predecessor-version":[{"id":4111,"href":"https:\/\/expatsmags.com\/index.php\/wp-json\/wp\/v2\/pages\/4099\/revisions\/4111"}],"wp:attachment":[{"href":"https:\/\/expatsmags.com\/index.php\/wp-json\/wp\/v2\/media?parent=4099"}],"wp:term":[{"taxonomy":"post_tag","embeddable":true,"href":"https:\/\/expatsmags.com\/index.php\/wp-json\/wp\/v2\/tags?post=4099"}],"curies":[{"name":"wp","href":"https:\/\/api.w.org\/{rel}","templated":true}]}}